{"id":6491,"date":"2025-07-21T11:48:52","date_gmt":"2025-07-21T11:48:52","guid":{"rendered":"https:\/\/jetskixperience.com\/?page_id=6491"},"modified":"2025-07-21T11:48:54","modified_gmt":"2025-07-21T11:48:54","slug":"politica-de-sostenibilidad","status":"publish","type":"page","link":"https:\/\/jetskixperience.com\/es\/politica-de-sostenibilidad\/","title":{"rendered":"Pol\u00edtica de Sostenibilidad"},"content":{"rendered":"<div class=\"wp-block-uagb-container uagb-block-vecprfqe alignfull uagb-is-root-container\">\n<div class=\"wp-block-uagb-image alignleft uagb-block-vptjgrm8 wp-block-uagb-image--layout-default wp-block-uagb-image--effect-static wp-block-uagb-image--align-left\"><figure class=\"wp-block-uagb-image__figure\"><img loading=\"lazy\" decoding=\"async\" srcset=\"https:\/\/jetskixperience.com\/wp-content\/uploads\/2025\/07\/gf663ec8a739109ae6c9f7eb20b496b21cbf9c20c88befc1e8af54aa2d946e8a9b7cf302018d2b3c507e16ee61233e13fbd6b364412f5e809b0127c9fe871086a_1280-2779902-1024x682.jpg ,https:\/\/jetskixperience.com\/wp-content\/uploads\/2025\/07\/gf663ec8a739109ae6c9f7eb20b496b21cbf9c20c88befc1e8af54aa2d946e8a9b7cf302018d2b3c507e16ee61233e13fbd6b364412f5e809b0127c9fe871086a_1280-2779902.jpg 780w, https:\/\/jetskixperience.com\/wp-content\/uploads\/2025\/07\/gf663ec8a739109ae6c9f7eb20b496b21cbf9c20c88befc1e8af54aa2d946e8a9b7cf302018d2b3c507e16ee61233e13fbd6b364412f5e809b0127c9fe871086a_1280-2779902.jpg 360w\" sizes=\"auto, (max-width: 480px) 150px\" src=\"https:\/\/jetskixperience.com\/wp-content\/uploads\/2025\/07\/gf663ec8a739109ae6c9f7eb20b496b21cbf9c20c88befc1e8af54aa2d946e8a9b7cf302018d2b3c507e16ee61233e13fbd6b364412f5e809b0127c9fe871086a_1280-2779902-1024x682.jpg\" alt=\"\" class=\"uag-image-6487\" width=\"564\" height=\"423\" title=\"\" role=\"img\"\/><\/figure><\/div>\n\n\n\n<div class=\"wp-block-uagb-container uagb-block-75qcib9o\">\n<div class=\"wp-block-uagb-info-box uagb-block-fcvugv6u uagb-infobox__content-wrap  uagb-infobox-icon-above-title uagb-infobox-image-valign-top\"><div class=\"uagb-ifb-content\"><div class=\"uagb-ifb-title-wrap\"><p class=\"uagb-ifb-title-prefix\">Informaci\u00f3n al Usuario<\/p><h2 class=\"uagb-ifb-title\">Pol\u00edtica de Sostenibilidad<\/h2><\/div><p class=\"uagb-ifb-desc\"><br><br>Nuestro objetivo es satisfacer la demanda creciente de experiencias n\u00e1uticas, servicios de gestor\u00eda n\u00e1utica y cursos n\u00e1uticos, optimizando nuestra contribuci\u00f3n al desarrollo sostenible, para cubrir las necesidades presentes sin comprometer las de las generaciones futuras.\u00a0<br>Nuestras pr\u00e1cticas empresariales van encaminadas a crear valor en el corto y largo plazo, maximizando los impactos positivos y minimizando los eventuales impactos negativos en la sociedad y en el medio ambiente, a lo largo de toda nuestra cadena de valor, mediante un comportamiento \u00e9tico y transparente.<br><br>FREEDOM LUXURY, SL asume el compromiso de impulsar las mejores pr\u00e1cticas en materia de sostenibilidad y revisar peri\u00f3dicamente su desempe\u00f1o.\u00a0<br>Adem\u00e1s, asume el compromiso de conocer y analizar las expectativas de los distintos grupos de inter\u00e9s de la mercantil, tales como accionistas y comunidad financiera, empleados, clientes, socios, proveedores, comunidades locales y sociedad en general.\u00a0<br>La Compa\u00f1\u00eda establece pautas de actuaci\u00f3n, conforme a los valores de Freedom Luxury SL en asuntos como el respeto de los derechos humanos, protecci\u00f3n del medio ambiente, salud y seguridad, gesti\u00f3n de la energ\u00eda y lucha contra el cambio clim\u00e1tico, uso eficiente de los recursos, diversidad, igualdad de oportunidades, responsabilidad fiscal, prevenci\u00f3n de conductas ilegales y lucha contra la corrupci\u00f3n.\u00a0<br>Freedom Luxury SL entiende que la sostenibilidad debe estar integrada en todos los negocios y niveles organizativos de la Compa\u00f1\u00eda, asegurando la disponibilidad de los recursos necesarios, teniendo en cuenta la perspectiva de los grupos de inter\u00e9s, y dispone de instrumentos para:<br>Gestionar los riesgos y oportunidades de sus actividades, con objeto de prevenir da\u00f1os en las personas, bienes y en el medio ambiente.<br>Reducir sus emisiones de gases de efecto invernadero contribuyendo a mitigar los efectos del cambio clim\u00e1tico garantizando un suministro de energ\u00eda segura, eficiente y accesible.<br>Asegurar el cumplimiento de los requisitos legales vigentes, as\u00ed como de aquellos otros que la organizaci\u00f3n suscr\u00edba.<br>Establecer objetivos para contribuir a las metas definidas en los Objetivos de Desarrollo Sostenible.<br>Evaluar y revisar sus sistemas de gesti\u00f3n y control de riesgos de forma sistem\u00e1tica, estableciendo mecanismos de mejora continua, evaluando el desempe\u00f1o a lo largo de todo el ciclo de vida y llevando a cabo las acciones necesarias para alcanzar los objetivos propuestos, definiendo procesos de verificaci\u00f3n, auditor\u00eda y control para asegurarlos.<br>Trasladar su cultura de sostenibilidad a toda su cadena de valor: clientes, socios, proveedores de productos y servicios y resto de grupos de inter\u00e9s.<br>Responder con transparencia a los grupos de inter\u00e9s, a trav\u00e9s de indicadores de desempe\u00f1o econ\u00f3mico, ambiental y social que se publican en los informes de la Compa\u00f1\u00eda.<br>Fomentar la b\u00fasqueda de negocios sostenibles y de econom\u00eda circular, promoviendo la creaci\u00f3n de valor social, estableciendo alianzas y colaboraciones con otros grupos de inter\u00e9s.<br>La Compa\u00f1\u00eda cuenta con diversos canales de comunicaci\u00f3n, disponibles y accesibles, para informar, implicar y mantener un di\u00e1logo continuo con sus grupos de inter\u00e9s.<br>Freedom Luxury sl considera que cumplir esta pol\u00edtica es responsabilidad de todos sus empleados.<br><\/p><\/div><\/div>\n<\/div>\n<\/div>","protected":false},"excerpt":{"rendered":"","protected":false},"author":1,"featured_media":0,"parent":0,"menu_order":0,"comment_status":"closed","ping_status":"closed","template":"elementor_theme","meta":{"_uag_custom_page_level_css":"","site-sidebar-layout":"default","site-content-layout":"","ast-site-content-layout":"full-width-container","site-content-style":"default","site-sidebar-style":"default","ast-global-header-display":"","ast-banner-title-visibility":"","ast-main-header-display":"","ast-hfb-above-header-display":"","ast-hfb-below-header-display":"","ast-hfb-mobile-header-display":"","site-post-title":"disabled","ast-breadcrumbs-content":"","ast-featured-img":"","footer-sml-layout":"","theme-transparent-header-meta":"enabled","adv-header-id-meta":"","stick-header-meta":"","header-above-stick-meta":"","header-main-stick-meta":"","header-below-stick-meta":"","astra-migrate-meta-layouts":"set","ast-page-background-enabled":"default","ast-page-background-meta":{"desktop":{"background-color":"","background-image":"","background-repeat":"repeat","background-position":"center center","background-size":"auto","background-attachment":"scroll","background-type":"","background-media":"","overlay-type":"","overlay-color":"","overlay-opacity":"","overlay-gradient":""},"tablet":{"background-color":"","background-image":"","background-repeat":"repeat","background-position":"center center","background-size":"auto","background-attachment":"scroll","background-type":"","background-media":"","overlay-type":"","overlay-color":"","overlay-opacity":"","overlay-gradient":""},"mobile":{"background-color":"","background-image":"","background-repeat":"repeat","background-position":"center center","background-size":"auto","background-attachment":"scroll","background-type":"","background-media":"","overlay-type":"","overlay-color":"","overlay-opacity":"","overlay-gradient":""}},"ast-content-background-meta":{"desktop":{"background-color":"var(--ast-global-color-5)","background-image":"","background-repeat":"repeat","background-position":"center center","background-size":"auto","background-attachment":"scroll","background-type":"","background-media":"","overlay-type":"","overlay-color":"","overlay-opacity":"","overlay-gradient":""},"tablet":{"background-color":"var(--ast-global-color-5)","background-image":"","background-repeat":"repeat","background-position":"center center","background-size":"auto","background-attachment":"scroll","background-type":"","background-media":"","overlay-type":"","overlay-color":"","overlay-opacity":"","overlay-gradient":""},"mobile":{"background-color":"var(--ast-global-color-5)","background-image":"","background-repeat":"repeat","background-position":"center center","background-size":"auto","background-attachment":"scroll","background-type":"","background-media":"","overlay-type":"","overlay-color":"","overlay-opacity":"","overlay-gradient":""}},"footnotes":""},"class_list":["post-6491","page","type-page","status-publish","hentry"],"uagb_featured_image_src":{"full":false,"thumbnail":false,"medium":false,"medium_large":false,"large":false,"1536x1536":false,"2048x2048":false,"trp-custom-language-flag":false,"woocommerce_thumbnail":false,"woocommerce_single":false,"woocommerce_gallery_thumbnail":false},"uagb_author_info":{"display_name":"","author_link":"https:\/\/jetskixperience.com\/es\/author\/infoalfanautica-es\/"},"uagb_comment_info":0,"uagb_excerpt":null,"jetpack_sharing_enabled":true,"_links":{"self":[{"href":"https:\/\/jetskixperience.com\/es\/wp-json\/wp\/v2\/pages\/6491","targetHints":{"allow":["GET"]}}],"collection":[{"href":"https:\/\/jetskixperience.com\/es\/wp-json\/wp\/v2\/pages"}],"about":[{"href":"https:\/\/jetskixperience.com\/es\/wp-json\/wp\/v2\/types\/page"}],"author":[{"embeddable":true,"href":"https:\/\/jetskixperience.com\/es\/wp-json\/wp\/v2\/users\/1"}],"replies":[{"embeddable":true,"href":"https:\/\/jetskixperience.com\/es\/wp-json\/wp\/v2\/comments?post=6491"}],"version-history":[{"count":1,"href":"https:\/\/jetskixperience.com\/es\/wp-json\/wp\/v2\/pages\/6491\/revisions"}],"predecessor-version":[{"id":6492,"href":"https:\/\/jetskixperience.com\/es\/wp-json\/wp\/v2\/pages\/6491\/revisions\/6492"}],"wp:attachment":[{"href":"https:\/\/jetskixperience.com\/es\/wp-json\/wp\/v2\/media?parent=6491"}],"curies":[{"name":"wp","href":"https:\/\/api.w.org\/{rel}","templated":true}]}}